{"id":7320,"date":"2023-12-14T10:05:59","date_gmt":"2023-12-14T10:05:59","guid":{"rendered":"https:\/\/www.cordaid.org\/en\/?page_id=7320"},"modified":"2023-12-14T10:07:58","modified_gmt":"2023-12-14T10:07:58","slug":"fr-rdc-formation-jeunes","status":"publish","type":"page","link":"https:\/\/www.cordaid.org\/en\/fr-rdc-formation-jeunes\/","title":{"rendered":"Am\u00e9liorer la situation s\u00e9curitaire \u00e0 l\u2019est de la RDC par la formation des jeunes\u00a0"},"content":{"rendered":"<div class=\"section section--core \"><div class=\"container\"><div class=\"row\"><div class=\"col-12 col-md-8 offset-md-2 block-wrapper\"><div class=\"entry-content\">\n<p><strong>\u00c0 Minova, au Sud-Kivu (RDC), des dizaines de jeunes qui se consacraient \u00e0 la toxicomanie et le banditisme changent de cap dans un centre d\u2019apprentissage en m\u00e9tiers de menuiserie. Le centre fait partie du programme ESPER, mis en \u0153uvre par le consortium Cordaid et VNGI.<\/strong>&nbsp;<\/p>\n\n\n\n<figure class=\"wp-block-image size-large\"><img loading=\"lazy\" decoding=\"async\" width=\"1024\" height=\"602\" src=\"https:\/\/www.cordaid.org\/en\/wp-content\/uploads\/2023\/12\/DSC0789-scaled-e1702466278277-1024x602.jpg\" alt=\"\" class=\"wp-image-7251\" srcset=\"https:\/\/www.cordaid.org\/en\/wp-content\/uploads\/2023\/12\/DSC0789-scaled-e1702466278277-1024x602.jpg 1024w, https:\/\/www.cordaid.org\/en\/wp-content\/uploads\/2023\/12\/DSC0789-scaled-e1702466278277-300x176.jpg 300w, https:\/\/www.cordaid.org\/en\/wp-content\/uploads\/2023\/12\/DSC0789-scaled-e1702466278277-768x452.jpg 768w, https:\/\/www.cordaid.org\/en\/wp-content\/uploads\/2023\/12\/DSC0789-scaled-e1702466278277-1536x903.jpg 1536w, https:\/\/www.cordaid.org\/en\/wp-content\/uploads\/2023\/12\/DSC0789-scaled-e1702466278277-75x44.jpg 75w, https:\/\/www.cordaid.org\/en\/wp-content\/uploads\/2023\/12\/DSC0789-scaled-e1702466278277.jpg 1707w\" sizes=\"auto, (max-width: 1024px) 100vw, 1024px\" \/><figcaption class=\"wp-element-caption\">Asifiwe Kasidika Anuarite is a carpentry apprentice at the Minova matching grant centre. <\/figcaption><\/figure>\n\n\n\n<p>Monsieur Bizimungu Ndamwenge H\u00e9ritier, l\u2019un des participants au centre d\u2019apprentissage, t\u00e9moigne sa satisfaction : \u00ab\u202fNous nous r\u00e9jouissons de cet encadrement dont nous sommes b\u00e9n\u00e9ficiaires \u00e9tant donn\u00e9 que nous \u00e9tions, pour la plupart d\u2019entre nous, en train d\u2019errer en ins\u00e9curisant les paisibles citoyens. Ce travail qui nous occupe aujourd\u2019hui nous permet d\u2019envisager notre avenir autrement une fois cette formation finalis\u00e9e. Ce que nous souhaiterions, c\u2019est de ne pas nous abandonner m\u00eame \u00e0 l\u2019issue de cet encadrement, afin de nous faciliter une r\u00e9insertion sociale ais\u00e9e\u202f\u00bb.&nbsp;<\/p>\n\n\n\n<h2 class=\"wp-block-heading\"><strong>Le programme ESPER<\/strong>&nbsp;<\/h2>\n\n\n\n<p>ESPER, l\u2019un des programmes qui contribuent \u00e0 la stabilisation \u00e0 l\u2019est de la RD Congo, a pour but de contribuer \u00e0 la promotion et \u00e0 l\u2019am\u00e9lioration de la gouvernance s\u00e9curitaire et judiciaire ainsi que la coh\u00e9sion sociale\u202f\u00e0 l\u2019est du pays.&nbsp;<\/p>\n\n\n\n<p>Les quatre volets du projet ESPER sont le financement bas\u00e9 sur la performance, le lobbying et plaidoyer, la gouvernance s\u00e9curitaire ainsi que l\u2019engagement communautaire. Le dernier volet tire son fondement du processus de la r\u00e9forme du secteur de la s\u00e9curit\u00e9 en cours en vue de permettre \u00e9galement aux populations d\u2019agir (pr\u00e9vention, implication, participation, avis sur les d\u00e9cisions) sur les questions et les d\u00e9fis s\u00e9curitaires aux c\u00f4t\u00e9s des autorit\u00e9s.&nbsp;<\/p>\n\n\n\n<blockquote class=\"wp-block-quote is-layout-flow wp-block-quote-is-layout-flow\">\n<p>\u00abCe travail qui nous occupe aujourd\u2019hui nous permet d\u2019envisager notre avenir\u202f\u00bb<\/p>\n<\/blockquote>\n\n\n\n<p>Ces d\u00e9fis, d\u00e9crits dans le plan local de s\u00e9curit\u00e9 et discut\u00e9s avec les repr\u00e9sentants de la population, ont r\u00e9v\u00e9l\u00e9 que la plupart des probl\u00e8mes s\u00e9curitaire tire sa source de la toxicomanie, l\u2019oisivet\u00e9 et la prostitution des jeunes.&nbsp;<\/p>\n\n\n\n<p>C\u2019est \u00e0 ce titre que le r\u00e9seau des Structures Communautaires initi\u00e9 \u00e0 Minova dans le groupement de Buzi (chefferie de Buhavu en territoire de Kalehe au Sud-Kivu) a b\u00e9n\u00e9fici\u00e9 d\u2019un subside de cinq mille dollars am\u00e9ricains. Ceci lui a permis de mettre en place un centre d\u2019apprentissage en m\u00e9tiers de menuiserie. Depuis trois mois, 22 jeunes de Minova et environs, dont deux jeunes femmes, qui se consacraient jadis au banditisme, la toxicomanie et\/ou la prostitution, y suivent une formation d\u2019une dur\u00e9e de six mois.&nbsp;<\/p>\n\n\n\n<h2 class=\"wp-block-heading\"><strong>Exposition des premi\u00e8res \u0153uvres<\/strong>&nbsp;<\/h2>\n\n\n\n<p>En date du 11 octobre, ils ont proc\u00e9d\u00e9 \u00e0 l\u2019exposition de leurs premi\u00e8res \u0153uvres (meubles) en pr\u00e9sence de l\u2019Administrateur du Territoire Adjoint ainsi que d\u2019autres membres du Conseil local de s\u00e9curit\u00e9 et leaders communautaires locaux. Cela prouve leur volont\u00e9 de contribuer au d\u00e9veloppement de leur village en quittant leur ancienne vie.&nbsp;<\/p>\n\n\n\n<figure class=\"wp-block-image size-large\"><img loading=\"lazy\" decoding=\"async\" width=\"1024\" height=\"770\" src=\"https:\/\/www.cordaid.org\/en\/wp-content\/uploads\/2023\/12\/DSC0722-scaled-e1702548036317-1024x770.jpg\" alt=\"\" class=\"wp-image-7249\" srcset=\"https:\/\/www.cordaid.org\/en\/wp-content\/uploads\/2023\/12\/DSC0722-scaled-e1702548036317-1024x770.jpg 1024w, https:\/\/www.cordaid.org\/en\/wp-content\/uploads\/2023\/12\/DSC0722-scaled-e1702548036317-300x226.jpg 300w, https:\/\/www.cordaid.org\/en\/wp-content\/uploads\/2023\/12\/DSC0722-scaled-e1702548036317-768x578.jpg 768w, https:\/\/www.cordaid.org\/en\/wp-content\/uploads\/2023\/12\/DSC0722-scaled-e1702548036317-1536x1155.jpg 1536w, https:\/\/www.cordaid.org\/en\/wp-content\/uploads\/2023\/12\/DSC0722-scaled-e1702548036317-59x44.jpg 59w, https:\/\/www.cordaid.org\/en\/wp-content\/uploads\/2023\/12\/DSC0722-scaled-e1702548036317.jpg 1702w\" sizes=\"auto, (max-width: 1024px) 100vw, 1024px\" \/><\/figure>\n\n\n\n<p>Il sied de relever que cette action est fort appr\u00e9ci\u00e9e par les leaders locaux de Minova. Pendant la c\u00e9r\u00e9monie d\u2019exposition, ils ont d\u00e9cid\u00e9 d\u2019encourager et p\u00e9renniser cette initiative notamment \u00e0 travers la donation directe d\u2019argent en vue de poursuivre l\u2019encadrement des jeunes apprenants, l\u2019achat de quelques meubles expos\u00e9s\u202fpar les participants, et des commandes pass\u00e9es pour la fabrication d\u2019autres meubles. Certains services \u00e9tatiques locaux notamment celui de culture et arts a promis d\u2019exon\u00e9rer le centre d\u2019apprentissage de diff\u00e9rentes taxes qui peuvent lui \u00eatre impos\u00e9es.&nbsp;<\/p>\n\n\n\n<p>Pr\u00e9sents lors de la c\u00e9r\u00e9monie d\u2019exposition, les leaders et autorit\u00e9s ont r\u00e9affirm\u00e9 leur engagement \u00e0 contribuer \u00e9galement \u00e0 l\u2019\u00e9panouissement\/durabilit\u00e9 de cette \u0153uvre. Ce qui r\u00e9affirme les retomb\u00e9es s\u00e9curitaires positives qu\u2019apporte aux membres des communaut\u00e9s cet encadrement de quelques jeunes jadis impliqu\u00e9s dans des actes ins\u00e9curisants&nbsp; dans cette contr\u00e9e du groupement de Buzi, territoire de Kalehe en province du Sud-Kivu.&nbsp;<\/p>\n<\/div><\/div><\/div><\/div><\/div>\n\n\n<div class=\"section\">\n\t<div class=\"container\">\n\t\t<div class=\"block featured-articles\">\n\t\t\t\t\t\t\t<div class=\"block__header\">\n\t\t\t\t\t<h2 class=\"block__title\">Nouvelles et histoires<\/h2>\n\t\t\t\t<\/div>\n\t\t\t\t\t\t<ul class=\"row row--spacing\">\n\t\t\t\t\t\t\t\t\t<li class=\"col-12 col-md-4\">\n\t\t\t\t\t\t\t\t\t\t\t\t\t\t\t\t\t\t<div class=\"teaser\">\n\t<div class=\"teaser__inner\">\n\t\t<div class=\"teaser__thumbnail\">\n\t\t\t\t\t\t\t<picture class=\"teaser__image-wrapper\">\n\t\t\t\t\t<img loading=\"lazy\" decoding=\"async\" width=\"546\" height=\"363\" src=\"https:\/\/www.cordaid.org\/en\/wp-content\/uploads\/2026\/05\/Cricket-rearing-in-Kenya-Beat-the-Locust-Photo-by-Fredrick-Owino-546x363.jpg\" class=\"attachment-thumbnail_546 size-thumbnail_546\" alt=\"\" srcset=\"https:\/\/www.cordaid.org\/en\/wp-content\/uploads\/2026\/05\/Cricket-rearing-in-Kenya-Beat-the-Locust-Photo-by-Fredrick-Owino-546x363.jpg 546w, https:\/\/www.cordaid.org\/en\/wp-content\/uploads\/2026\/05\/Cricket-rearing-in-Kenya-Beat-the-Locust-Photo-by-Fredrick-Owino-373x248.jpg 373w, https:\/\/www.cordaid.org\/en\/wp-content\/uploads\/2026\/05\/Cricket-rearing-in-Kenya-Beat-the-Locust-Photo-by-Fredrick-Owino-280x186.jpg 280w, https:\/\/www.cordaid.org\/en\/wp-content\/uploads\/2026\/05\/Cricket-rearing-in-Kenya-Beat-the-Locust-Photo-by-Fredrick-Owino-150x100.jpg 150w\" sizes=\"auto, (max-width: 546px) 100vw, 546px\" \/>\n\t\t\t\t<\/picture>\n\t\t\t\t\t<\/div>\n\t\t<div class=\"teaser__body\">\n\t\t\t<div class=\"teaser__content\">\n\t\t\t\t<h3 class=\"teaser__title\">\n\t\t\t\t\t<a href=\"https:\/\/www.cordaid.org\/en\/news\/from-goats-to-crickets-kenyan-women-find-new-ways-to-make-a-living\/\" class=\"teaser__link\">\n\t\t\t\t\t\tFrom Goats to Crickets: Kenyan Women Find New Ways to Make a Living\n\t\t\t\t\t<\/a>\n\t\t\t\t<\/h3>\n\t\t\t\t<div class=\"teaser__tags\">\n\t\t\t\t\t\t\t\t\t\t\t<span class=\"tag tag--tertiary teaser__topic\">\n\t\t\t\t\t\t\tFood systems\n\t\t\t\t\t\t<\/span>\n\t\t\t\t\t\t\t\t\t<\/div>\n\t\t\t\t<div class=\"teaser__meta\">\n\t\t\t\t\t\t\t\t\t\t\t<span class=\"teaser__area\">\n\t\t\t\t\t\t\tKenya\n\t\t\t\t\t\t<\/span>\n\t\t\t\t\t\t\t\t\t\t<span class=\"teaser__date\">\n\t\t\t\t\t\t13 May 2026\n\t\t\t\t\t<\/span>\n\t\t\t\t<\/div>\n\t\t\t<\/div>\n\t\t<\/div>\n\t<\/div>\n<\/div>\n\t\t\t\t\t\t<\/li>\n\t\t\t\t\t\t\t\t\t<li class=\"col-12 col-md-4\">\n\t\t\t\t\t\t\t\t\t\t\t\t\t\t\t\t\t\t<div class=\"teaser\">\n\t<div class=\"teaser__inner\">\n\t\t<div class=\"teaser__thumbnail\">\n\t\t\t\t\t\t\t<picture class=\"teaser__image-wrapper\">\n\t\t\t\t\t<img loading=\"lazy\" decoding=\"async\" width=\"546\" height=\"363\" src=\"https:\/\/www.cordaid.org\/en\/wp-content\/uploads\/2026\/05\/Screenshot-2026-05-11-at-14.11.42-546x363.png\" class=\"attachment-thumbnail_546 size-thumbnail_546\" alt=\"\" srcset=\"https:\/\/www.cordaid.org\/en\/wp-content\/uploads\/2026\/05\/Screenshot-2026-05-11-at-14.11.42-546x363.png 546w, https:\/\/www.cordaid.org\/en\/wp-content\/uploads\/2026\/05\/Screenshot-2026-05-11-at-14.11.42-373x248.png 373w, https:\/\/www.cordaid.org\/en\/wp-content\/uploads\/2026\/05\/Screenshot-2026-05-11-at-14.11.42-280x186.png 280w, https:\/\/www.cordaid.org\/en\/wp-content\/uploads\/2026\/05\/Screenshot-2026-05-11-at-14.11.42-150x100.png 150w\" sizes=\"auto, (max-width: 546px) 100vw, 546px\" \/>\n\t\t\t\t<\/picture>\n\t\t\t\t\t<\/div>\n\t\t<div class=\"teaser__body\">\n\t\t\t<div class=\"teaser__content\">\n\t\t\t\t<h3 class=\"teaser__title\">\n\t\t\t\t\t<a href=\"https:\/\/www.cordaid.org\/en\/news\/impact-stories-from-just-future-south-sudan\/\" class=\"teaser__link\">\n\t\t\t\t\t\tBuilding Peace from Within: Stories of Impact from Just Future South Sudan\n\t\t\t\t\t<\/a>\n\t\t\t\t<\/h3>\n\t\t\t\t<div class=\"teaser__tags\">\n\t\t\t\t\t\t\t\t\t\t\t<span class=\"tag tag--tertiary teaser__topic\">\n\t\t\t\t\t\t\tJustice and peace\n\t\t\t\t\t\t<\/span>\n\t\t\t\t\t\t\t\t\t<\/div>\n\t\t\t\t<div class=\"teaser__meta\">\n\t\t\t\t\t\t\t\t\t\t\t<span class=\"teaser__area\">\n\t\t\t\t\t\t\tSouth Sudan\n\t\t\t\t\t\t<\/span>\n\t\t\t\t\t\t\t\t\t\t<span class=\"teaser__date\">\n\t\t\t\t\t\t11 May 2026\n\t\t\t\t\t<\/span>\n\t\t\t\t<\/div>\n\t\t\t<\/div>\n\t\t<\/div>\n\t<\/div>\n<\/div>\n\t\t\t\t\t\t<\/li>\n\t\t\t\t\t\t\t\t\t<li class=\"col-12 col-md-4\">\n\t\t\t\t\t\t\t\t\t\t\t\t\t\t\t\t\t\t<div class=\"teaser\">\n\t<div class=\"teaser__inner\">\n\t\t<div class=\"teaser__thumbnail\">\n\t\t\t\t\t\t\t<picture class=\"teaser__image-wrapper\">\n\t\t\t\t\t<img loading=\"lazy\" decoding=\"async\" width=\"546\" height=\"363\" src=\"https:\/\/www.cordaid.org\/en\/wp-content\/uploads\/2026\/05\/Justice-Matters-Humanity-Hub-May-2026-Photo-by-Mickael-Franci-for-Cordaid-8-546x363.jpg\" class=\"attachment-thumbnail_546 size-thumbnail_546\" alt=\"\" srcset=\"https:\/\/www.cordaid.org\/en\/wp-content\/uploads\/2026\/05\/Justice-Matters-Humanity-Hub-May-2026-Photo-by-Mickael-Franci-for-Cordaid-8-546x363.jpg 546w, https:\/\/www.cordaid.org\/en\/wp-content\/uploads\/2026\/05\/Justice-Matters-Humanity-Hub-May-2026-Photo-by-Mickael-Franci-for-Cordaid-8-300x200.jpg 300w, https:\/\/www.cordaid.org\/en\/wp-content\/uploads\/2026\/05\/Justice-Matters-Humanity-Hub-May-2026-Photo-by-Mickael-Franci-for-Cordaid-8-1024x681.jpg 1024w, https:\/\/www.cordaid.org\/en\/wp-content\/uploads\/2026\/05\/Justice-Matters-Humanity-Hub-May-2026-Photo-by-Mickael-Franci-for-Cordaid-8-768x511.jpg 768w, https:\/\/www.cordaid.org\/en\/wp-content\/uploads\/2026\/05\/Justice-Matters-Humanity-Hub-May-2026-Photo-by-Mickael-Franci-for-Cordaid-8-1536x1022.jpg 1536w, https:\/\/www.cordaid.org\/en\/wp-content\/uploads\/2026\/05\/Justice-Matters-Humanity-Hub-May-2026-Photo-by-Mickael-Franci-for-Cordaid-8-2048x1363.jpg 2048w, https:\/\/www.cordaid.org\/en\/wp-content\/uploads\/2026\/05\/Justice-Matters-Humanity-Hub-May-2026-Photo-by-Mickael-Franci-for-Cordaid-8-373x248.jpg 373w, https:\/\/www.cordaid.org\/en\/wp-content\/uploads\/2026\/05\/Justice-Matters-Humanity-Hub-May-2026-Photo-by-Mickael-Franci-for-Cordaid-8-280x186.jpg 280w, https:\/\/www.cordaid.org\/en\/wp-content\/uploads\/2026\/05\/Justice-Matters-Humanity-Hub-May-2026-Photo-by-Mickael-Franci-for-Cordaid-8-150x100.jpg 150w, https:\/\/www.cordaid.org\/en\/wp-content\/uploads\/2026\/05\/Justice-Matters-Humanity-Hub-May-2026-Photo-by-Mickael-Franci-for-Cordaid-8-66x44.jpg 66w\" sizes=\"auto, (max-width: 546px) 100vw, 546px\" \/>\n\t\t\t\t<\/picture>\n\t\t\t\t\t<\/div>\n\t\t<div class=\"teaser__body\">\n\t\t\t<div class=\"teaser__content\">\n\t\t\t\t<h3 class=\"teaser__title\">\n\t\t\t\t\t<a href=\"https:\/\/www.cordaid.org\/en\/news\/people-centred-justice-as-an-early-warning-and-prevention-tool\/\" class=\"teaser__link\">\n\t\t\t\t\t\tPeople-Centred Justice as an Early Warning and Prevention Tool\n\t\t\t\t\t<\/a>\n\t\t\t\t<\/h3>\n\t\t\t\t<div class=\"teaser__tags\">\n\t\t\t\t\t\t\t\t\t\t\t<span class=\"tag tag--tertiary teaser__topic\">\n\t\t\t\t\t\t\tJustice and peace\n\t\t\t\t\t\t<\/span>\n\t\t\t\t\t\t\t\t\t<\/div>\n\t\t\t\t<div class=\"teaser__meta\">\n\t\t\t\t\t\t\t\t\t\t\t<span class=\"teaser__area\">\n\t\t\t\t\t\t\tMulti-country\n\t\t\t\t\t\t<\/span>\n\t\t\t\t\t\t\t\t\t\t<span class=\"teaser__date\">\n\t\t\t\t\t\t6 May 2026\n\t\t\t\t\t<\/span>\n\t\t\t\t<\/div>\n\t\t\t<\/div>\n\t\t<\/div>\n\t<\/div>\n<\/div>\n\t\t\t\t\t\t<\/li>\n\t\t\t\t\t\t\t<\/ul>\n\t\t\t\t\t<\/div>\n\t<\/div>\n<\/div>\n","protected":false},"excerpt":{"rendered":"<p>\u00c0 Minova, au Sud-Kivu (RDC), des dizaines de jeunes qui se consacraient \u00e0 la toxicomanie et le banditisme changent de cap dans un centre d\u2019apprentissage en m\u00e9tiers de menuiserie. Le centre fait partie du programme &#8230;<\/p>\n","protected":false},"author":3,"featured_media":7251,"parent":0,"menu_order":0,"comment_status":"closed","ping_status":"closed","template":"","meta":{"_acf_changed":false,"footnotes":""},"class_list":["post-7320","page","type-page","status-publish","has-post-thumbnail","hentry"],"acf":[],"yoast_head":"<!-- This site is optimized with the Yoast SEO plugin v27.3 - https:\/\/yoast.com\/product\/yoast-seo-wordpress\/ -->\n<title>Am\u00e9liorer la situation s\u00e9curitaire \u00e0 l\u2019est de la RDC par la formation des jeunes\u00a0 - Cordaid International<\/title>\n<meta name=\"description\" content=\"Dizaines de jeunes qui se consacraient \u00e0 la toxicomanie et le banditisme changent de cap dans un centre d\u2019apprentissage en m\u00e9tiers de menuiserie.\" \/>\n<meta name=\"robots\" content=\"index, follow, max-snippet:-1, max-image-preview:large, max-video-preview:-1\" \/>\n<link rel=\"canonical\" href=\"https:\/\/www.cordaid.org\/en\/fr-rdc-formation-jeunes\/\" \/>\n<meta property=\"og:locale\" content=\"en_US\" \/>\n<meta property=\"og:type\" content=\"article\" \/>\n<meta property=\"og:title\" content=\"Am\u00e9liorer la situation s\u00e9curitaire \u00e0 l\u2019est de la RDC par la formation des jeunes\u00a0 - Cordaid International\" \/>\n<meta property=\"og:description\" content=\"Dizaines de jeunes qui se consacraient \u00e0 la toxicomanie et le banditisme changent de cap dans un centre d\u2019apprentissage en m\u00e9tiers de menuiserie.\" \/>\n<meta property=\"og:url\" content=\"https:\/\/www.cordaid.org\/en\/fr-rdc-formation-jeunes\/\" \/>\n<meta property=\"og:site_name\" content=\"Cordaid International\" \/>\n<meta property=\"article:modified_time\" content=\"2023-12-14T10:07:58+00:00\" \/>\n<meta property=\"og:image\" content=\"https:\/\/www.cordaid.org\/en\/wp-content\/uploads\/2023\/12\/DSC0789-scaled-e1702466278277.jpg\" \/>\n\t<meta property=\"og:image:width\" content=\"1707\" \/>\n\t<meta property=\"og:image:height\" content=\"1004\" \/>\n\t<meta property=\"og:image:type\" content=\"image\/jpeg\" \/>\n<meta name=\"twitter:card\" content=\"summary_large_image\" \/>\n<meta name=\"twitter:label1\" content=\"Est. reading time\" \/>\n\t<meta name=\"twitter:data1\" content=\"4 minutes\" \/>\n<script type=\"application\/ld+json\" class=\"yoast-schema-graph\">{\"@context\":\"https:\\\/\\\/schema.org\",\"@graph\":[{\"@type\":\"WebPage\",\"@id\":\"https:\\\/\\\/www.cordaid.org\\\/en\\\/fr-rdc-formation-jeunes\\\/\",\"url\":\"https:\\\/\\\/www.cordaid.org\\\/en\\\/fr-rdc-formation-jeunes\\\/\",\"name\":\"Am\u00e9liorer la situation s\u00e9curitaire \u00e0 l\u2019est de la RDC par la formation des jeunes\u00a0 - Cordaid International\",\"isPartOf\":{\"@id\":\"https:\\\/\\\/www.cordaid.org\\\/en\\\/#website\"},\"primaryImageOfPage\":{\"@id\":\"https:\\\/\\\/www.cordaid.org\\\/en\\\/fr-rdc-formation-jeunes\\\/#primaryimage\"},\"image\":{\"@id\":\"https:\\\/\\\/www.cordaid.org\\\/en\\\/fr-rdc-formation-jeunes\\\/#primaryimage\"},\"thumbnailUrl\":\"https:\\\/\\\/www.cordaid.org\\\/en\\\/wp-content\\\/uploads\\\/2023\\\/12\\\/DSC0789-scaled-e1702466278277.jpg\",\"datePublished\":\"2023-12-14T10:05:59+00:00\",\"dateModified\":\"2023-12-14T10:07:58+00:00\",\"description\":\"Dizaines de jeunes qui se consacraient \u00e0 la toxicomanie et le banditisme changent de cap dans un centre d\u2019apprentissage en m\u00e9tiers de menuiserie.\",\"breadcrumb\":{\"@id\":\"https:\\\/\\\/www.cordaid.org\\\/en\\\/fr-rdc-formation-jeunes\\\/#breadcrumb\"},\"inLanguage\":\"en-US\",\"potentialAction\":[{\"@type\":\"ReadAction\",\"target\":[\"https:\\\/\\\/www.cordaid.org\\\/en\\\/fr-rdc-formation-jeunes\\\/\"]}]},{\"@type\":\"ImageObject\",\"inLanguage\":\"en-US\",\"@id\":\"https:\\\/\\\/www.cordaid.org\\\/en\\\/fr-rdc-formation-jeunes\\\/#primaryimage\",\"url\":\"https:\\\/\\\/www.cordaid.org\\\/en\\\/wp-content\\\/uploads\\\/2023\\\/12\\\/DSC0789-scaled-e1702466278277.jpg\",\"contentUrl\":\"https:\\\/\\\/www.cordaid.org\\\/en\\\/wp-content\\\/uploads\\\/2023\\\/12\\\/DSC0789-scaled-e1702466278277.jpg\",\"width\":1707,\"height\":1004,\"caption\":\"Asifiwe Kasidika Anuarite is a carpentry apprentice at the Minova matching grant centre.\"},{\"@type\":\"BreadcrumbList\",\"@id\":\"https:\\\/\\\/www.cordaid.org\\\/en\\\/fr-rdc-formation-jeunes\\\/#breadcrumb\",\"itemListElement\":[{\"@type\":\"ListItem\",\"position\":1,\"name\":\"Home\",\"item\":\"https:\\\/\\\/www.cordaid.org\\\/en\\\/\"},{\"@type\":\"ListItem\",\"position\":2,\"name\":\"Am\u00e9liorer la situation s\u00e9curitaire \u00e0 l\u2019est de la RDC par la formation des jeunes\u00a0\"}]},{\"@type\":\"WebSite\",\"@id\":\"https:\\\/\\\/www.cordaid.org\\\/en\\\/#website\",\"url\":\"https:\\\/\\\/www.cordaid.org\\\/en\\\/\",\"name\":\"Cordaid International\",\"description\":\"Working in and on fragility\",\"publisher\":{\"@id\":\"https:\\\/\\\/www.cordaid.org\\\/en\\\/#organization\"},\"potentialAction\":[{\"@type\":\"SearchAction\",\"target\":{\"@type\":\"EntryPoint\",\"urlTemplate\":\"https:\\\/\\\/www.cordaid.org\\\/en\\\/?s={search_term_string}\"},\"query-input\":{\"@type\":\"PropertyValueSpecification\",\"valueRequired\":true,\"valueName\":\"search_term_string\"}}],\"inLanguage\":\"en-US\"},{\"@type\":\"Organization\",\"@id\":\"https:\\\/\\\/www.cordaid.org\\\/en\\\/#organization\",\"name\":\"Cordaid International\",\"url\":\"https:\\\/\\\/www.cordaid.org\\\/en\\\/\",\"logo\":{\"@type\":\"ImageObject\",\"inLanguage\":\"en-US\",\"@id\":\"https:\\\/\\\/www.cordaid.org\\\/en\\\/#\\\/schema\\\/logo\\\/image\\\/\",\"url\":\"https:\\\/\\\/cordaid.org\\\/en\\\/wp-content\\\/uploads\\\/2022\\\/03\\\/cordaid-favicon.png\",\"contentUrl\":\"https:\\\/\\\/cordaid.org\\\/en\\\/wp-content\\\/uploads\\\/2022\\\/03\\\/cordaid-favicon.png\",\"width\":1200,\"height\":1200,\"caption\":\"Cordaid International\"},\"image\":{\"@id\":\"https:\\\/\\\/www.cordaid.org\\\/en\\\/#\\\/schema\\\/logo\\\/image\\\/\"}}]}<\/script>\n<!-- \/ Yoast SEO plugin. -->","yoast_head_json":{"title":"Am\u00e9liorer la situation s\u00e9curitaire \u00e0 l\u2019est de la RDC par la formation des jeunes\u00a0 - Cordaid International","description":"Dizaines de jeunes qui se consacraient \u00e0 la toxicomanie et le banditisme changent de cap dans un centre d\u2019apprentissage en m\u00e9tiers de menuiserie.","robots":{"index":"index","follow":"follow","max-snippet":"max-snippet:-1","max-image-preview":"max-image-preview:large","max-video-preview":"max-video-preview:-1"},"canonical":"https:\/\/www.cordaid.org\/en\/fr-rdc-formation-jeunes\/","og_locale":"en_US","og_type":"article","og_title":"Am\u00e9liorer la situation s\u00e9curitaire \u00e0 l\u2019est de la RDC par la formation des jeunes\u00a0 - Cordaid International","og_description":"Dizaines de jeunes qui se consacraient \u00e0 la toxicomanie et le banditisme changent de cap dans un centre d\u2019apprentissage en m\u00e9tiers de menuiserie.","og_url":"https:\/\/www.cordaid.org\/en\/fr-rdc-formation-jeunes\/","og_site_name":"Cordaid International","article_modified_time":"2023-12-14T10:07:58+00:00","og_image":[{"width":1707,"height":1004,"url":"https:\/\/www.cordaid.org\/en\/wp-content\/uploads\/2023\/12\/DSC0789-scaled-e1702466278277.jpg","type":"image\/jpeg"}],"twitter_card":"summary_large_image","twitter_misc":{"Est. reading time":"4 minutes"},"schema":{"@context":"https:\/\/schema.org","@graph":[{"@type":"WebPage","@id":"https:\/\/www.cordaid.org\/en\/fr-rdc-formation-jeunes\/","url":"https:\/\/www.cordaid.org\/en\/fr-rdc-formation-jeunes\/","name":"Am\u00e9liorer la situation s\u00e9curitaire \u00e0 l\u2019est de la RDC par la formation des jeunes\u00a0 - Cordaid International","isPartOf":{"@id":"https:\/\/www.cordaid.org\/en\/#website"},"primaryImageOfPage":{"@id":"https:\/\/www.cordaid.org\/en\/fr-rdc-formation-jeunes\/#primaryimage"},"image":{"@id":"https:\/\/www.cordaid.org\/en\/fr-rdc-formation-jeunes\/#primaryimage"},"thumbnailUrl":"https:\/\/www.cordaid.org\/en\/wp-content\/uploads\/2023\/12\/DSC0789-scaled-e1702466278277.jpg","datePublished":"2023-12-14T10:05:59+00:00","dateModified":"2023-12-14T10:07:58+00:00","description":"Dizaines de jeunes qui se consacraient \u00e0 la toxicomanie et le banditisme changent de cap dans un centre d\u2019apprentissage en m\u00e9tiers de menuiserie.","breadcrumb":{"@id":"https:\/\/www.cordaid.org\/en\/fr-rdc-formation-jeunes\/#breadcrumb"},"inLanguage":"en-US","potentialAction":[{"@type":"ReadAction","target":["https:\/\/www.cordaid.org\/en\/fr-rdc-formation-jeunes\/"]}]},{"@type":"ImageObject","inLanguage":"en-US","@id":"https:\/\/www.cordaid.org\/en\/fr-rdc-formation-jeunes\/#primaryimage","url":"https:\/\/www.cordaid.org\/en\/wp-content\/uploads\/2023\/12\/DSC0789-scaled-e1702466278277.jpg","contentUrl":"https:\/\/www.cordaid.org\/en\/wp-content\/uploads\/2023\/12\/DSC0789-scaled-e1702466278277.jpg","width":1707,"height":1004,"caption":"Asifiwe Kasidika Anuarite is a carpentry apprentice at the Minova matching grant centre."},{"@type":"BreadcrumbList","@id":"https:\/\/www.cordaid.org\/en\/fr-rdc-formation-jeunes\/#breadcrumb","itemListElement":[{"@type":"ListItem","position":1,"name":"Home","item":"https:\/\/www.cordaid.org\/en\/"},{"@type":"ListItem","position":2,"name":"Am\u00e9liorer la situation s\u00e9curitaire \u00e0 l\u2019est de la RDC par la formation des jeunes\u00a0"}]},{"@type":"WebSite","@id":"https:\/\/www.cordaid.org\/en\/#website","url":"https:\/\/www.cordaid.org\/en\/","name":"Cordaid International","description":"Working in and on fragility","publisher":{"@id":"https:\/\/www.cordaid.org\/en\/#organization"},"potentialAction":[{"@type":"SearchAction","target":{"@type":"EntryPoint","urlTemplate":"https:\/\/www.cordaid.org\/en\/?s={search_term_string}"},"query-input":{"@type":"PropertyValueSpecification","valueRequired":true,"valueName":"search_term_string"}}],"inLanguage":"en-US"},{"@type":"Organization","@id":"https:\/\/www.cordaid.org\/en\/#organization","name":"Cordaid International","url":"https:\/\/www.cordaid.org\/en\/","logo":{"@type":"ImageObject","inLanguage":"en-US","@id":"https:\/\/www.cordaid.org\/en\/#\/schema\/logo\/image\/","url":"https:\/\/cordaid.org\/en\/wp-content\/uploads\/2022\/03\/cordaid-favicon.png","contentUrl":"https:\/\/cordaid.org\/en\/wp-content\/uploads\/2022\/03\/cordaid-favicon.png","width":1200,"height":1200,"caption":"Cordaid International"},"image":{"@id":"https:\/\/www.cordaid.org\/en\/#\/schema\/logo\/image\/"}}]}},"_links":{"self":[{"href":"https:\/\/www.cordaid.org\/en\/wp-json\/wp\/v2\/pages\/7320","targetHints":{"allow":["GET"]}}],"collection":[{"href":"https:\/\/www.cordaid.org\/en\/wp-json\/wp\/v2\/pages"}],"about":[{"href":"https:\/\/www.cordaid.org\/en\/wp-json\/wp\/v2\/types\/page"}],"author":[{"embeddable":true,"href":"https:\/\/www.cordaid.org\/en\/wp-json\/wp\/v2\/users\/3"}],"replies":[{"embeddable":true,"href":"https:\/\/www.cordaid.org\/en\/wp-json\/wp\/v2\/comments?post=7320"}],"version-history":[{"count":9,"href":"https:\/\/www.cordaid.org\/en\/wp-json\/wp\/v2\/pages\/7320\/revisions"}],"predecessor-version":[{"id":7337,"href":"https:\/\/www.cordaid.org\/en\/wp-json\/wp\/v2\/pages\/7320\/revisions\/7337"}],"wp:featuredmedia":[{"embeddable":true,"href":"https:\/\/www.cordaid.org\/en\/wp-json\/wp\/v2\/media\/7251"}],"wp:attachment":[{"href":"https:\/\/www.cordaid.org\/en\/wp-json\/wp\/v2\/media?parent=7320"}],"curies":[{"name":"wp","href":"https:\/\/api.w.org\/{rel}","templated":true}]}}