{"id":15713,"date":"2024-04-09T16:25:41","date_gmt":"2024-04-09T14:25:41","guid":{"rendered":"https:\/\/www.cordaid.org\/nl\/?page_id=15713"},"modified":"2024-04-09T16:44:57","modified_gmt":"2024-04-09T14:44:57","slug":"dutch-relief-alliance","status":"publish","type":"page","link":"https:\/\/www.cordaid.org\/nl\/over-cordaid\/partners\/dutch-relief-alliance\/","title":{"rendered":"Cordaid is lid van de Dutch Relief Alliance"},"content":{"rendered":"\n<p>De <a href=\"http:\/\/www.dutchrelief.org\" target=\"_blank\" rel=\"noreferrer noopener\">Dutch Relief Alliance<\/a> is een samenwerkingsverband van 14 hulporganisaties voor gezamenlijke noodhulpacties, gefinancierd door het ministerie van Buitenlandse Zaken.<\/p>\n\n\n\n<figure class=\"wp-block-image size-large\"><img loading=\"lazy\" decoding=\"async\" width=\"1024\" height=\"683\" src=\"https:\/\/www.cordaid.org\/nl\/wp-content\/uploads\/2024\/04\/51816525421_1cc035db9e_o-1024x683.jpg\" alt=\"Hulpverleners van de Dutch Relief Alliance delen medicijnen uit aan vluchtelingen uit conflictgebied in Ethiopi\u00eb. \" class=\"wp-image-15725\" srcset=\"https:\/\/www.cordaid.org\/nl\/wp-content\/uploads\/2024\/04\/51816525421_1cc035db9e_o-1024x683.jpg?image-crop-positioner-ts=1712673760 1024w, https:\/\/www.cordaid.org\/nl\/wp-content\/uploads\/2024\/04\/51816525421_1cc035db9e_o-300x200.jpg?image-crop-positioner-ts=1712673760 300w, https:\/\/www.cordaid.org\/nl\/wp-content\/uploads\/2024\/04\/51816525421_1cc035db9e_o-768x512.jpg?image-crop-positioner-ts=1712673760 768w, https:\/\/www.cordaid.org\/nl\/wp-content\/uploads\/2024\/04\/51816525421_1cc035db9e_o-1536x1024.jpg?image-crop-positioner-ts=1712673760 1536w, https:\/\/www.cordaid.org\/nl\/wp-content\/uploads\/2024\/04\/51816525421_1cc035db9e_o-2048x1365.jpg?image-crop-positioner-ts=1712673760 2048w, https:\/\/www.cordaid.org\/nl\/wp-content\/uploads\/2024\/04\/51816525421_1cc035db9e_o-160x107.jpg?image-crop-positioner-ts=1712673760 160w\" sizes=\"(max-width: 1024px) 100vw, 1024px\" \/><figcaption class=\"wp-element-caption\">Hulpverleners van de Dutch Relief Alliance delen medicijnen uit aan vluchtelingen uit conflictgebied in Ethiopi\u00eb. Beeld: Joost Bastmeijer\/DRA<\/figcaption><\/figure>\n\n\n\n<p>Met een toenemend aantal rampen en gewapende conflicten in de wereld, moeten internationale hulporganisaties steeds vaker in actie komen.&nbsp;Via de Dutch Relief Alliance kunnen de organisaties snel en effectief reageren op grote crises.<\/p>\n\n\n\n<p>De Dutch Relief Alliance is opgericht om grote uitdagingen het hoofd te bieden, de samenwerking te verbeteren en de co\u00f6rdinatie tussen hulporganisaties te stroomlijnen. Samen hebben de leden een grotere impact dan organisaties die zelfstandig werken.<\/p>\n\n\n\n<h3 class=\"wp-block-heading\">Doelstellingen van de Dutch Relief Alliance<\/h3>\n\n\n\n<p>Om de meest urgente noodhulp te kunnen bieden, hanteert de Dutch Relief Alliance de volgende vijf doelstellingen:<\/p>\n\n\n\n<ul class=\"wp-block-list\">\n<li>Bijdragen aan levensreddende en levensondersteunende noodhulp bij aanhoudende crises;<\/li>\n\n\n\n<li>bijdragen aan de snelle levering van levensreddende hulp in noodsituaties op korte termijn;<\/li>\n\n\n\n<li>verbeteren van de samenwerking tussen de leden om de effectiviteit van noodhulp vergroten;<\/li>\n\n\n\n<li>zichtbaarheid vergroten van de Nederlandse bijdrage aan noodhulpacties bij het publiek, het parlement en opiniemakers;<\/li>\n\n\n\n<li>pleiten voor meer financiering voor hulpverlening.<\/li>\n<\/ul>\n\n\n\n<h3 class=\"wp-block-heading\">Joint Responses<\/h3>\n\n\n\n<p>De acties van de Dutch Relief Alliance worden een <em>joint response<\/em> (gezamenlijke actie) genoemd. Een joint response wordt gestart en uitgevoerd door de leden die het beste uitgerust zijn om op een bepaalde crisis te reageren. Bij iedere actie wordt een organisatie benoemd die het voortouw neemt.<\/p>\n\n\n\n<p>Cordaid leidt momenteel de hulpacties in Afghanistan. Als lid van de Dutch Relief Alliance draagt Cordaid ook bij aan de hulpverlening in onder andere Syri\u00eb, Jemen, Gaza, Libi\u00eb en Ethiopi\u00eb.<\/p>\n\n\n\n<p><em>De leden zijn van de Dutch Relief Alliance zijn: CARE Nederland, Cordaid, Dorcas, Oxfam Novib, Plan Nederland, Red een Kind, Save the Children, SOS Kinderdorpen, Stichting Vluchteling, Tearfund, Terre des Hommes, War Child, World Vision, en ZOA.<\/em><\/p>\n","protected":false},"excerpt":{"rendered":"<p>Cordaid is lid van de Dutch Relief Alliance, een samenwerkingsverband van 14 hulporganisaties voor gezamenlijke noodhulpacties. Deze hulpalliantie wordt gefinancierd door het ministerie van Buitenlandse Zaken.<\/p>\n","protected":false},"author":8,"featured_media":15725,"parent":1857,"menu_order":0,"comment_status":"closed","ping_status":"closed","template":"","meta":{"_acf_changed":false,"_searchwp_excluded":"","footnotes":""},"cd_internal_label":[43],"class_list":["post-15713","page","type-page","status-publish","has-post-thumbnail","hentry"],"acf":[],"yoast_head":"<!-- This site is optimized with the Yoast SEO plugin v27.1 - https:\/\/yoast.com\/product\/yoast-seo-wordpress\/ -->\n<title>Cordaid is lid van de Dutch Relief Alliance - Cordaid<\/title>\n<meta name=\"description\" content=\"Cordaid is lid van de Dutch Relief Alliance, een samenwerkingsverband van 14 hulporganisaties voor gezamenlijke noodhulpacties.\" \/>\n<meta name=\"robots\" content=\"index, follow, max-snippet:-1, max-image-preview:large, max-video-preview:-1\" \/>\n<link rel=\"canonical\" href=\"https:\/\/www.cordaid.org\/nl\/over-cordaid\/partners\/dutch-relief-alliance\/\" \/>\n<meta property=\"og:locale\" content=\"nl_NL\" \/>\n<meta property=\"og:type\" content=\"article\" \/>\n<meta property=\"og:title\" content=\"Cordaid is lid van de Dutch Relief Alliance - Cordaid\" \/>\n<meta property=\"og:description\" content=\"Cordaid is lid van de Dutch Relief Alliance, een samenwerkingsverband van 14 hulporganisaties voor gezamenlijke noodhulpacties.\" \/>\n<meta property=\"og:url\" content=\"https:\/\/www.cordaid.org\/nl\/over-cordaid\/partners\/dutch-relief-alliance\/\" \/>\n<meta property=\"og:site_name\" content=\"Cordaid\" \/>\n<meta property=\"article:publisher\" content=\"https:\/\/www.facebook.com\/Cordaid\/\" \/>\n<meta property=\"article:modified_time\" content=\"2024-04-09T14:44:57+00:00\" \/>\n<meta property=\"og:image\" content=\"https:\/\/www.cordaid.org\/nl\/wp-content\/uploads\/2024\/04\/51816525421_1cc035db9e_o-scaled.jpg?image-crop-positioner-ts=1712673760\" \/>\n\t<meta property=\"og:image:width\" content=\"2560\" \/>\n\t<meta property=\"og:image:height\" content=\"1707\" \/>\n\t<meta property=\"og:image:type\" content=\"image\/jpeg\" \/>\n<meta name=\"twitter:card\" content=\"summary_large_image\" \/>\n<meta name=\"twitter:site\" content=\"@Cordaid\" \/>\n<meta name=\"twitter:label1\" content=\"Geschatte leestijd\" \/>\n\t<meta name=\"twitter:data1\" content=\"2 minuten\" \/>\n<script type=\"application\/ld+json\" class=\"yoast-schema-graph\">{\"@context\":\"https:\/\/schema.org\",\"@graph\":[{\"@type\":\"WebPage\",\"@id\":\"https:\/\/www.cordaid.org\/nl\/over-cordaid\/partners\/dutch-relief-alliance\/\",\"url\":\"https:\/\/www.cordaid.org\/nl\/over-cordaid\/partners\/dutch-relief-alliance\/\",\"name\":\"Cordaid is lid van de Dutch Relief Alliance - Cordaid\",\"isPartOf\":{\"@id\":\"https:\/\/www.cordaid.org\/nl\/#website\"},\"primaryImageOfPage\":{\"@id\":\"https:\/\/www.cordaid.org\/nl\/over-cordaid\/partners\/dutch-relief-alliance\/#primaryimage\"},\"image\":{\"@id\":\"https:\/\/www.cordaid.org\/nl\/over-cordaid\/partners\/dutch-relief-alliance\/#primaryimage\"},\"thumbnailUrl\":\"https:\/\/www.cordaid.org\/nl\/wp-content\/uploads\/2024\/04\/51816525421_1cc035db9e_o-scaled.jpg?image-crop-positioner-ts=1712673760\",\"datePublished\":\"2024-04-09T14:25:41+00:00\",\"dateModified\":\"2024-04-09T14:44:57+00:00\",\"description\":\"Cordaid is lid van de Dutch Relief Alliance, een samenwerkingsverband van 14 hulporganisaties voor gezamenlijke noodhulpacties.\",\"breadcrumb\":{\"@id\":\"https:\/\/www.cordaid.org\/nl\/over-cordaid\/partners\/dutch-relief-alliance\/#breadcrumb\"},\"inLanguage\":\"nl-NL\",\"potentialAction\":[{\"@type\":\"ReadAction\",\"target\":[\"https:\/\/www.cordaid.org\/nl\/over-cordaid\/partners\/dutch-relief-alliance\/\"]}]},{\"@type\":\"ImageObject\",\"inLanguage\":\"nl-NL\",\"@id\":\"https:\/\/www.cordaid.org\/nl\/over-cordaid\/partners\/dutch-relief-alliance\/#primaryimage\",\"url\":\"https:\/\/www.cordaid.org\/nl\/wp-content\/uploads\/2024\/04\/51816525421_1cc035db9e_o-scaled.jpg?image-crop-positioner-ts=1712673760\",\"contentUrl\":\"https:\/\/www.cordaid.org\/nl\/wp-content\/uploads\/2024\/04\/51816525421_1cc035db9e_o-scaled.jpg?image-crop-positioner-ts=1712673760\",\"width\":2560,\"height\":1707,\"caption\":\"Hulpverleners van de Dutch Relief Alliance delen medicijnen uit aan vluchtelingen uit conflictgebied in Ethiopi\u00eb. Beeld: Joost Bastmeijer\/DRA\"},{\"@type\":\"BreadcrumbList\",\"@id\":\"https:\/\/www.cordaid.org\/nl\/over-cordaid\/partners\/dutch-relief-alliance\/#breadcrumb\",\"itemListElement\":[{\"@type\":\"ListItem\",\"position\":1,\"name\":\"Home\",\"item\":\"https:\/\/www.cordaid.org\/nl\/\"},{\"@type\":\"ListItem\",\"position\":2,\"name\":\"Over Cordaid\",\"item\":\"https:\/\/www.cordaid.org\/nl\/over-cordaid\/\"},{\"@type\":\"ListItem\",\"position\":3,\"name\":\"Wat we doen, doen we samen\",\"item\":\"https:\/\/www.cordaid.org\/nl\/over-cordaid\/partners\/\"},{\"@type\":\"ListItem\",\"position\":4,\"name\":\"Cordaid is lid van de Dutch Relief Alliance\"}]},{\"@type\":\"WebSite\",\"@id\":\"https:\/\/www.cordaid.org\/nl\/#website\",\"url\":\"https:\/\/www.cordaid.org\/nl\/\",\"name\":\"Cordaid\",\"description\":\"Op de wereld om elkaar te helpen\",\"publisher\":{\"@id\":\"https:\/\/www.cordaid.org\/nl\/#organization\"},\"potentialAction\":[{\"@type\":\"SearchAction\",\"target\":{\"@type\":\"EntryPoint\",\"urlTemplate\":\"https:\/\/www.cordaid.org\/nl\/?s={search_term_string}\"},\"query-input\":{\"@type\":\"PropertyValueSpecification\",\"valueRequired\":true,\"valueName\":\"search_term_string\"}}],\"inLanguage\":\"nl-NL\"},{\"@type\":\"Organization\",\"@id\":\"https:\/\/www.cordaid.org\/nl\/#organization\",\"name\":\"Cordaid\",\"url\":\"https:\/\/www.cordaid.org\/nl\/\",\"logo\":{\"@type\":\"ImageObject\",\"inLanguage\":\"nl-NL\",\"@id\":\"https:\/\/www.cordaid.org\/nl\/#\/schema\/logo\/image\/\",\"url\":\"https:\/\/www.cordaid.org\/nl\/wp-content\/uploads\/2023\/09\/Logo-Cordaid-vierkant.png?image-crop-positioner-ts=1693981657\",\"contentUrl\":\"https:\/\/www.cordaid.org\/nl\/wp-content\/uploads\/2023\/09\/Logo-Cordaid-vierkant.png?image-crop-positioner-ts=1693981657\",\"width\":1000,\"height\":1000,\"caption\":\"Cordaid\"},\"image\":{\"@id\":\"https:\/\/www.cordaid.org\/nl\/#\/schema\/logo\/image\/\"},\"sameAs\":[\"https:\/\/www.facebook.com\/Cordaid\/\",\"https:\/\/x.com\/Cordaid\",\"https:\/\/www.instagram.com\/cordaid\/\",\"http:\/\/www.linkedin.com\/company\/cordaid\",\"http:\/\/www.youtube.com\/Cordaid1\",\"https:\/\/www.youtube.com\/Cordaid1\",\"https:\/\/www.linkedin.com\/company\/cordaid\/\",\"https:\/\/bsky.app\/profile\/cordaid.bsky.social\"],\"telephone\":\"+31703136300\",\"email\":\"info@cordaid.org\",\"description\":\"Cordaid Nederland: toegankelijke gezondheidszorg, onderwijs en noodhulp bij rampen. Steun Cordaid: kijk niet weg, kijk om. Help aan een duurzame wereldverbetering. Sinds 1914.\",\"address\":{\"@type\":\"PostalAddress\",\"addressCountry\":\"NL\",\"addressLocality\":\"Den Haag\",\"postalCode\":\"2511 BH\",\"streetAddress\":\"Grote Marktstraat 45\"},\"contactPoint\":[{\"@type\":\"ContactPoint\",\"contactType\":\"Telefoon algemeen\",\"telephone\":\"+31703136300\"},{\"@type\":\"ContactPoint\",\"contactType\":\"Donateursservice\",\"telephone\":\"31703136233\"}]}]}<\/script>\n<!-- \/ Yoast SEO plugin. -->","yoast_head_json":{"title":"Cordaid is lid van de Dutch Relief Alliance - Cordaid","description":"Cordaid is lid van de Dutch Relief Alliance, een samenwerkingsverband van 14 hulporganisaties voor gezamenlijke noodhulpacties.","robots":{"index":"index","follow":"follow","max-snippet":"max-snippet:-1","max-image-preview":"max-image-preview:large","max-video-preview":"max-video-preview:-1"},"canonical":"https:\/\/www.cordaid.org\/nl\/over-cordaid\/partners\/dutch-relief-alliance\/","og_locale":"nl_NL","og_type":"article","og_title":"Cordaid is lid van de Dutch Relief Alliance - Cordaid","og_description":"Cordaid is lid van de Dutch Relief Alliance, een samenwerkingsverband van 14 hulporganisaties voor gezamenlijke noodhulpacties.","og_url":"https:\/\/www.cordaid.org\/nl\/over-cordaid\/partners\/dutch-relief-alliance\/","og_site_name":"Cordaid","article_publisher":"https:\/\/www.facebook.com\/Cordaid\/","article_modified_time":"2024-04-09T14:44:57+00:00","og_image":[{"width":2560,"height":1707,"url":"https:\/\/www.cordaid.org\/nl\/wp-content\/uploads\/2024\/04\/51816525421_1cc035db9e_o-scaled.jpg?image-crop-positioner-ts=1712673760","type":"image\/jpeg"}],"twitter_card":"summary_large_image","twitter_site":"@Cordaid","twitter_misc":{"Geschatte leestijd":"2 minuten"},"schema":{"@context":"https:\/\/schema.org","@graph":[{"@type":"WebPage","@id":"https:\/\/www.cordaid.org\/nl\/over-cordaid\/partners\/dutch-relief-alliance\/","url":"https:\/\/www.cordaid.org\/nl\/over-cordaid\/partners\/dutch-relief-alliance\/","name":"Cordaid is lid van de Dutch Relief Alliance - Cordaid","isPartOf":{"@id":"https:\/\/www.cordaid.org\/nl\/#website"},"primaryImageOfPage":{"@id":"https:\/\/www.cordaid.org\/nl\/over-cordaid\/partners\/dutch-relief-alliance\/#primaryimage"},"image":{"@id":"https:\/\/www.cordaid.org\/nl\/over-cordaid\/partners\/dutch-relief-alliance\/#primaryimage"},"thumbnailUrl":"https:\/\/www.cordaid.org\/nl\/wp-content\/uploads\/2024\/04\/51816525421_1cc035db9e_o-scaled.jpg?image-crop-positioner-ts=1712673760","datePublished":"2024-04-09T14:25:41+00:00","dateModified":"2024-04-09T14:44:57+00:00","description":"Cordaid is lid van de Dutch Relief Alliance, een samenwerkingsverband van 14 hulporganisaties voor gezamenlijke noodhulpacties.","breadcrumb":{"@id":"https:\/\/www.cordaid.org\/nl\/over-cordaid\/partners\/dutch-relief-alliance\/#breadcrumb"},"inLanguage":"nl-NL","potentialAction":[{"@type":"ReadAction","target":["https:\/\/www.cordaid.org\/nl\/over-cordaid\/partners\/dutch-relief-alliance\/"]}]},{"@type":"ImageObject","inLanguage":"nl-NL","@id":"https:\/\/www.cordaid.org\/nl\/over-cordaid\/partners\/dutch-relief-alliance\/#primaryimage","url":"https:\/\/www.cordaid.org\/nl\/wp-content\/uploads\/2024\/04\/51816525421_1cc035db9e_o-scaled.jpg?image-crop-positioner-ts=1712673760","contentUrl":"https:\/\/www.cordaid.org\/nl\/wp-content\/uploads\/2024\/04\/51816525421_1cc035db9e_o-scaled.jpg?image-crop-positioner-ts=1712673760","width":2560,"height":1707,"caption":"Hulpverleners van de Dutch Relief Alliance delen medicijnen uit aan vluchtelingen uit conflictgebied in Ethiopi\u00eb. Beeld: Joost Bastmeijer\/DRA"},{"@type":"BreadcrumbList","@id":"https:\/\/www.cordaid.org\/nl\/over-cordaid\/partners\/dutch-relief-alliance\/#breadcrumb","itemListElement":[{"@type":"ListItem","position":1,"name":"Home","item":"https:\/\/www.cordaid.org\/nl\/"},{"@type":"ListItem","position":2,"name":"Over Cordaid","item":"https:\/\/www.cordaid.org\/nl\/over-cordaid\/"},{"@type":"ListItem","position":3,"name":"Wat we doen, doen we samen","item":"https:\/\/www.cordaid.org\/nl\/over-cordaid\/partners\/"},{"@type":"ListItem","position":4,"name":"Cordaid is lid van de Dutch Relief Alliance"}]},{"@type":"WebSite","@id":"https:\/\/www.cordaid.org\/nl\/#website","url":"https:\/\/www.cordaid.org\/nl\/","name":"Cordaid","description":"Op de wereld om elkaar te helpen","publisher":{"@id":"https:\/\/www.cordaid.org\/nl\/#organization"},"potentialAction":[{"@type":"SearchAction","target":{"@type":"EntryPoint","urlTemplate":"https:\/\/www.cordaid.org\/nl\/?s={search_term_string}"},"query-input":{"@type":"PropertyValueSpecification","valueRequired":true,"valueName":"search_term_string"}}],"inLanguage":"nl-NL"},{"@type":"Organization","@id":"https:\/\/www.cordaid.org\/nl\/#organization","name":"Cordaid","url":"https:\/\/www.cordaid.org\/nl\/","logo":{"@type":"ImageObject","inLanguage":"nl-NL","@id":"https:\/\/www.cordaid.org\/nl\/#\/schema\/logo\/image\/","url":"https:\/\/www.cordaid.org\/nl\/wp-content\/uploads\/2023\/09\/Logo-Cordaid-vierkant.png?image-crop-positioner-ts=1693981657","contentUrl":"https:\/\/www.cordaid.org\/nl\/wp-content\/uploads\/2023\/09\/Logo-Cordaid-vierkant.png?image-crop-positioner-ts=1693981657","width":1000,"height":1000,"caption":"Cordaid"},"image":{"@id":"https:\/\/www.cordaid.org\/nl\/#\/schema\/logo\/image\/"},"sameAs":["https:\/\/www.facebook.com\/Cordaid\/","https:\/\/x.com\/Cordaid","https:\/\/www.instagram.com\/cordaid\/","http:\/\/www.linkedin.com\/company\/cordaid","http:\/\/www.youtube.com\/Cordaid1","https:\/\/www.youtube.com\/Cordaid1","https:\/\/www.linkedin.com\/company\/cordaid\/","https:\/\/bsky.app\/profile\/cordaid.bsky.social"],"telephone":"+31703136300","email":"info@cordaid.org","description":"Cordaid Nederland: toegankelijke gezondheidszorg, onderwijs en noodhulp bij rampen. Steun Cordaid: kijk niet weg, kijk om. Help aan een duurzame wereldverbetering. Sinds 1914.","address":{"@type":"PostalAddress","addressCountry":"NL","addressLocality":"Den Haag","postalCode":"2511 BH","streetAddress":"Grote Marktstraat 45"},"contactPoint":[{"@type":"ContactPoint","contactType":"Telefoon algemeen","telephone":"+31703136300"},{"@type":"ContactPoint","contactType":"Donateursservice","telephone":"31703136233"}]}]}},"_links":{"self":[{"href":"https:\/\/www.cordaid.org\/nl\/wp-json\/wp\/v2\/pages\/15713","targetHints":{"allow":["GET"]}}],"collection":[{"href":"https:\/\/www.cordaid.org\/nl\/wp-json\/wp\/v2\/pages"}],"about":[{"href":"https:\/\/www.cordaid.org\/nl\/wp-json\/wp\/v2\/types\/page"}],"author":[{"embeddable":true,"href":"https:\/\/www.cordaid.org\/nl\/wp-json\/wp\/v2\/users\/8"}],"replies":[{"embeddable":true,"href":"https:\/\/www.cordaid.org\/nl\/wp-json\/wp\/v2\/comments?post=15713"}],"version-history":[{"count":3,"href":"https:\/\/www.cordaid.org\/nl\/wp-json\/wp\/v2\/pages\/15713\/revisions"}],"predecessor-version":[{"id":15726,"href":"https:\/\/www.cordaid.org\/nl\/wp-json\/wp\/v2\/pages\/15713\/revisions\/15726"}],"up":[{"embeddable":true,"href":"https:\/\/www.cordaid.org\/nl\/wp-json\/wp\/v2\/pages\/1857"}],"wp:featuredmedia":[{"embeddable":true,"href":"https:\/\/www.cordaid.org\/nl\/wp-json\/wp\/v2\/media\/15725"}],"wp:attachment":[{"href":"https:\/\/www.cordaid.org\/nl\/wp-json\/wp\/v2\/media?parent=15713"}],"wp:term":[{"taxonomy":"cd_internal_label","embeddable":true,"href":"https:\/\/www.cordaid.org\/nl\/wp-json\/wp\/v2\/cd_internal_label?post=15713"}],"curies":[{"name":"wp","href":"https:\/\/api.w.org\/{rel}","templated":true}]}}